{"id":2096,"date":"2016-09-01T15:32:42","date_gmt":"2016-09-01T14:32:42","guid":{"rendered":"http:\/\/cliniquevet-sables-verts.fr\/?page_id=2096"},"modified":"2023-11-13T11:09:26","modified_gmt":"2023-11-13T10:09:26","slug":"trucs-et-astuces","status":"publish","type":"page","link":"https:\/\/cliniquevet-sables-verts.fr\/index.php\/trucs-et-astuces\/","title":{"rendered":"Trucs et astuces"},"content":{"rendered":"\t\t<div data-elementor-type=\"wp-page\" data-elementor-id=\"2096\" class=\"elementor elementor-2096\" data-elementor-post-type=\"page\">\n\t\t\t\t\t\t<section class=\"elementor-section elementor-top-section elementor-element elementor-element-ac46343 elementor-section-boxed elementor-section-height-default elementor-section-height-default\" data-id=\"ac46343\" data-element_type=\"section\">\n\t\t\t\t\t\t<div class=\"elementor-container elementor-column-gap-default\">\n\t\t\t\t\t<div class=\"elementor-column elementor-col-100 elementor-top-column elementor-element elementor-element-a20bc25\" data-id=\"a20bc25\" data-element_type=\"column\">\n\t\t\t<div class=\"elementor-widget-wrap elementor-element-populated\">\n\t\t\t\t\t\t<div class=\"elementor-element elementor-element-99ba58d elementor-widget elementor-widget-spacer\" data-id=\"99ba58d\" data-element_type=\"widget\" data-widget_type=\"spacer.default\">\n\t\t\t\t<div class=\"elementor-widget-container\">\n\t\t\t\t\t\t\t<div class=\"elementor-spacer\">\n\t\t\t<div class=\"elementor-spacer-inner\"><\/div>\n\t\t<\/div>\n\t\t\t\t\t\t<\/div>\n\t\t\t\t<\/div>\n\t\t\t\t\t<\/div>\n\t\t<\/div>\n\t\t\t\t\t<\/div>\n\t\t<\/section>\n\t\t\t\t<section class=\"elementor-section elementor-top-section elementor-element elementor-element-7927176 elementor-section-boxed elementor-section-height-default elementor-section-height-default\" data-id=\"7927176\" data-element_type=\"section\">\n\t\t\t\t\t\t<div class=\"elementor-container elementor-column-gap-default\">\n\t\t\t\t\t<div class=\"elementor-column elementor-col-100 elementor-top-column elementor-element elementor-element-6ccc369\" data-id=\"6ccc369\" data-element_type=\"column\">\n\t\t\t<div class=\"elementor-widget-wrap elementor-element-populated\">\n\t\t\t\t\t\t<div class=\"elementor-element elementor-element-05f4782 elementor-widget elementor-widget-heading\" data-id=\"05f4782\" data-element_type=\"widget\" data-widget_type=\"heading.default\">\n\t\t\t\t<div class=\"elementor-widget-container\">\n\t\t\t\t\t<h2 class=\"elementor-heading-title elementor-size-default\">Vid\u00e9os explicatives <\/h2>\t\t\t\t<\/div>\n\t\t\t\t<\/div>\n\t\t\t\t\t<\/div>\n\t\t<\/div>\n\t\t\t\t\t<\/div>\n\t\t<\/section>\n\t\t\t\t<section class=\"elementor-section elementor-top-section elementor-element elementor-element-038866f elementor-section-boxed elementor-section-height-default elementor-section-height-default\" data-id=\"038866f\" data-element_type=\"section\">\n\t\t\t\t\t\t<div class=\"elementor-container elementor-column-gap-default\">\n\t\t\t\t\t<div class=\"elementor-column elementor-col-100 elementor-top-column elementor-element elementor-element-e6c7206\" data-id=\"e6c7206\" data-element_type=\"column\">\n\t\t\t<div class=\"elementor-widget-wrap elementor-element-populated\">\n\t\t\t\t\t\t<div class=\"elementor-element elementor-element-38a948c elementor-widget elementor-widget-text-editor\" data-id=\"38a948c\" data-element_type=\"widget\" data-widget_type=\"text-editor.default\">\n\t\t\t\t<div class=\"elementor-widget-container\">\n\t\t\t\t\t\t\t\t\t<p style=\"text-align: center;\">On ne sait pas toujours comment effectuer ces petits soins du quotidien. Voici une s\u00e9rie de vid\u00e9os pour vous aider !<\/p>\t\t\t\t\t\t\t\t<\/div>\n\t\t\t\t<\/div>\n\t\t\t\t\t<\/div>\n\t\t<\/div>\n\t\t\t\t\t<\/div>\n\t\t<\/section>\n\t\t\t\t<section class=\"elementor-section elementor-top-section elementor-element elementor-element-7298241 elementor-section-boxed elementor-section-height-default elementor-section-height-default\" data-id=\"7298241\" data-element_type=\"section\">\n\t\t\t\t\t\t<div class=\"elementor-container elementor-column-gap-default\">\n\t\t\t\t\t<div class=\"elementor-column elementor-col-100 elementor-top-column elementor-element elementor-element-c2b863f\" data-id=\"c2b863f\" data-element_type=\"column\">\n\t\t\t<div class=\"elementor-widget-wrap elementor-element-populated\">\n\t\t\t\t\t\t<div class=\"elementor-element elementor-element-1c28f0d elementor-skin-slideshow elementor-arrows-yes elementor-widget elementor-widget-media-carousel\" data-id=\"1c28f0d\" data-element_type=\"widget\" data-settings=\"{&quot;skin&quot;:&quot;slideshow&quot;,&quot;slideshow_slides_per_view&quot;:&quot;5&quot;,&quot;effect&quot;:&quot;slide&quot;,&quot;show_arrows&quot;:&quot;yes&quot;,&quot;speed&quot;:500,&quot;autoplay&quot;:&quot;yes&quot;,&quot;autoplay_speed&quot;:5000,&quot;loop&quot;:&quot;yes&quot;,&quot;pause_on_hover&quot;:&quot;yes&quot;,&quot;pause_on_interaction&quot;:&quot;yes&quot;,&quot;space_between&quot;:{&quot;unit&quot;:&quot;px&quot;,&quot;size&quot;:10,&quot;sizes&quot;:[]},&quot;space_between_tablet&quot;:{&quot;unit&quot;:&quot;px&quot;,&quot;size&quot;:10,&quot;sizes&quot;:[]},&quot;space_between_mobile&quot;:{&quot;unit&quot;:&quot;px&quot;,&quot;size&quot;:10,&quot;sizes&quot;:[]}}\" data-widget_type=\"media-carousel.default\">\n\t\t\t\t<div class=\"elementor-widget-container\">\n\t\t\t\t\t\t\t\t\t<div class=\"elementor-swiper\">\n\t\t\t\t\t<div class=\"elementor-main-swiper swiper\" role=\"region\" aria-roledescription=\"carousel\" aria-label=\"Diapositives\">\n\t\t\t\t<div class=\"swiper-wrapper\">\n\t\t\t\t\t\t\t\t\t\t\t<div class=\"swiper-slide\" role=\"group\" aria-roledescription=\"slide\">\n\t\t\t\t\t\t\t<a href=\"https:\/\/cliniquevet-sables-verts.fr\/wp-content\/uploads\/2022\/06\/Consultations6.png\" data-elementor-open-lightbox=\"yes\" data-elementor-lightbox-slideshow=\"1c28f0d\" data-elementor-lightbox-title=\"Consultations(6)\" data-elementor-lightbox-description=\"comment faire avaler un comprim\u00e9\" data-e-action-hash=\"#elementor-action%3Aaction%3Dlightbox%26settings%3DeyJpZCI6Mjc5OCwidXJsIjoiaHR0cHM6XC9cL2NsaW5pcXVldmV0LXNhYmxlcy12ZXJ0cy5mclwvd3AtY29udGVudFwvdXBsb2Fkc1wvMjAyMlwvMDZcL0NvbnN1bHRhdGlvbnM2LnBuZyIsInNsaWRlc2hvdyI6IjFjMjhmMGQifQ%3D%3D\" data-elementor-lightbox-video=\"https:\/\/www.youtube.com\/embed\/38hEeGdurm4?feature=oembed&amp;autoplay=1&amp;rel=0&amp;controls=0\">\t\t<div class=\"elementor-carousel-image\" role=\"img\" aria-label=\"comment faire avaler un comprim\u00e9\" style=\"background-image: url(&#039;https:\/\/i0.wp.com\/cliniquevet-sables-verts.fr\/wp-content\/uploads\/2022\/06\/Consultations6.png?fit=1280%2C720&amp;ssl=1&#039;)\">\n\n\t\t\t\n\t\t\t\t\t\t\t<div class=\"elementor-custom-embed-play\">\n\t\t\t\t\t<i aria-hidden=\"true\" class=\"eicon-play\"><\/i>\t\t\t\t\t<span class=\"elementor-screen-only\">Lire<\/span>\n\t\t\t\t<\/div>\n\t\t\t\t\t<\/div>\n\t\t<\/a>\t\t\t\t\t\t<\/div>\n\t\t\t\t\t\t\t\t\t\t\t<div class=\"swiper-slide\" role=\"group\" aria-roledescription=\"slide\">\n\t\t\t\t\t\t\t<a href=\"https:\/\/cliniquevet-sables-verts.fr\/wp-content\/uploads\/2022\/06\/Consultations7.png\" data-elementor-open-lightbox=\"yes\" data-elementor-lightbox-slideshow=\"1c28f0d\" data-elementor-lightbox-title=\"Consultations(7)\" data-elementor-lightbox-description=\"comment mettre une pipette\" data-e-action-hash=\"#elementor-action%3Aaction%3Dlightbox%26settings%3DeyJpZCI6MjgwMiwidXJsIjoiaHR0cHM6XC9cL2NsaW5pcXVldmV0LXNhYmxlcy12ZXJ0cy5mclwvd3AtY29udGVudFwvdXBsb2Fkc1wvMjAyMlwvMDZcL0NvbnN1bHRhdGlvbnM3LnBuZyIsInNsaWRlc2hvdyI6IjFjMjhmMGQifQ%3D%3D\" data-elementor-lightbox-video=\"https:\/\/www.youtube.com\/embed\/3DGyOqgvpfc?feature=oembed&amp;autoplay=1&amp;rel=0&amp;controls=0\">\t\t<div class=\"elementor-carousel-image\" role=\"img\" aria-label=\"comment mettre une pipette\" style=\"background-image: url(&#039;https:\/\/i0.wp.com\/cliniquevet-sables-verts.fr\/wp-content\/uploads\/2022\/06\/Consultations7.png?fit=1280%2C720&amp;ssl=1&#039;)\">\n\n\t\t\t\n\t\t\t\t\t\t\t<div class=\"elementor-custom-embed-play\">\n\t\t\t\t\t<i aria-hidden=\"true\" class=\"eicon-play\"><\/i>\t\t\t\t\t<span class=\"elementor-screen-only\">Lire<\/span>\n\t\t\t\t<\/div>\n\t\t\t\t\t<\/div>\n\t\t<\/a>\t\t\t\t\t\t<\/div>\n\t\t\t\t\t\t\t\t\t\t\t<div class=\"swiper-slide\" role=\"group\" aria-roledescription=\"slide\">\n\t\t\t\t\t\t\t<a href=\"https:\/\/cliniquevet-sables-verts.fr\/wp-content\/uploads\/2022\/06\/Consultations8.png\" data-elementor-open-lightbox=\"yes\" data-elementor-lightbox-slideshow=\"1c28f0d\" data-elementor-lightbox-title=\"Consultations(8)\" data-elementor-lightbox-description=\"comment nettoyer les oreilles de votre chien\" data-e-action-hash=\"#elementor-action%3Aaction%3Dlightbox%26settings%3DeyJpZCI6MjgwNCwidXJsIjoiaHR0cHM6XC9cL2NsaW5pcXVldmV0LXNhYmxlcy12ZXJ0cy5mclwvd3AtY29udGVudFwvdXBsb2Fkc1wvMjAyMlwvMDZcL0NvbnN1bHRhdGlvbnM4LnBuZyIsInNsaWRlc2hvdyI6IjFjMjhmMGQifQ%3D%3D\" data-elementor-lightbox-video=\"https:\/\/www.youtube.com\/embed\/Oldk7hvwISY?feature=oembed&amp;autoplay=1&amp;rel=0&amp;controls=0\">\t\t<div class=\"elementor-carousel-image\" role=\"img\" aria-label=\"comment nettoyer les oreilles de votre chien\" style=\"background-image: url(&#039;https:\/\/i0.wp.com\/cliniquevet-sables-verts.fr\/wp-content\/uploads\/2022\/06\/Consultations8.png?fit=1280%2C720&amp;ssl=1&#039;)\">\n\n\t\t\t\n\t\t\t\t\t\t\t<div class=\"elementor-custom-embed-play\">\n\t\t\t\t\t<i aria-hidden=\"true\" class=\"eicon-play\"><\/i>\t\t\t\t\t<span class=\"elementor-screen-only\">Lire<\/span>\n\t\t\t\t<\/div>\n\t\t\t\t\t<\/div>\n\t\t<\/a>\t\t\t\t\t\t<\/div>\n\t\t\t\t\t\t\t\t\t\t\t<div class=\"swiper-slide\" role=\"group\" aria-roledescription=\"slide\">\n\t\t\t\t\t\t\t<a href=\"https:\/\/cliniquevet-sables-verts.fr\/wp-content\/uploads\/2022\/06\/Consultations9.png\" data-elementor-open-lightbox=\"yes\" data-elementor-lightbox-slideshow=\"1c28f0d\" data-elementor-lightbox-title=\"Consultations(9)\" data-elementor-lightbox-description=\"injection d&#039;insuline\" data-e-action-hash=\"#elementor-action%3Aaction%3Dlightbox%26settings%3DeyJpZCI6MjgwNSwidXJsIjoiaHR0cHM6XC9cL2NsaW5pcXVldmV0LXNhYmxlcy12ZXJ0cy5mclwvd3AtY29udGVudFwvdXBsb2Fkc1wvMjAyMlwvMDZcL0NvbnN1bHRhdGlvbnM5LnBuZyIsInNsaWRlc2hvdyI6IjFjMjhmMGQifQ%3D%3D\" data-elementor-lightbox-video=\"https:\/\/www.youtube.com\/embed\/FZb6ahBVlAY?feature=oembed&amp;autoplay=1&amp;rel=0&amp;controls=0\">\t\t<div class=\"elementor-carousel-image\" role=\"img\" aria-label=\"injection d&#039;insuline\" style=\"background-image: url(&#039;https:\/\/i0.wp.com\/cliniquevet-sables-verts.fr\/wp-content\/uploads\/2022\/06\/Consultations9.png?fit=1280%2C720&amp;ssl=1&#039;)\">\n\n\t\t\t\n\t\t\t\t\t\t\t<div class=\"elementor-custom-embed-play\">\n\t\t\t\t\t<i aria-hidden=\"true\" class=\"eicon-play\"><\/i>\t\t\t\t\t<span class=\"elementor-screen-only\">Lire<\/span>\n\t\t\t\t<\/div>\n\t\t\t\t\t<\/div>\n\t\t<\/a>\t\t\t\t\t\t<\/div>\n\t\t\t\t\t\t\t\t\t\t\t<div class=\"swiper-slide\" role=\"group\" aria-roledescription=\"slide\">\n\t\t\t\t\t\t\t<a href=\"https:\/\/cliniquevet-sables-verts.fr\/wp-content\/uploads\/2022\/06\/Consultations10.png\" data-elementor-open-lightbox=\"yes\" data-elementor-lightbox-slideshow=\"1c28f0d\" data-elementor-lightbox-title=\"Consultations(10)\" data-elementor-lightbox-description=\"comment enlever une tique\" data-e-action-hash=\"#elementor-action%3Aaction%3Dlightbox%26settings%3DeyJpZCI6MjgwNiwidXJsIjoiaHR0cHM6XC9cL2NsaW5pcXVldmV0LXNhYmxlcy12ZXJ0cy5mclwvd3AtY29udGVudFwvdXBsb2Fkc1wvMjAyMlwvMDZcL0NvbnN1bHRhdGlvbnMxMC5wbmciLCJzbGlkZXNob3ciOiIxYzI4ZjBkIn0%3D\" data-elementor-lightbox-video=\"https:\/\/www.youtube.com\/embed\/xIEB5uY--os?feature=oembed&amp;autoplay=1&amp;rel=0&amp;controls=0\">\t\t<div class=\"elementor-carousel-image\" role=\"img\" aria-label=\"comment enlever une tique\" style=\"background-image: url(&#039;https:\/\/i0.wp.com\/cliniquevet-sables-verts.fr\/wp-content\/uploads\/2022\/06\/Consultations10.png?fit=1280%2C720&amp;ssl=1&#039;)\">\n\n\t\t\t\n\t\t\t\t\t\t\t<div class=\"elementor-custom-embed-play\">\n\t\t\t\t\t<i aria-hidden=\"true\" class=\"eicon-play\"><\/i>\t\t\t\t\t<span class=\"elementor-screen-only\">Lire<\/span>\n\t\t\t\t<\/div>\n\t\t\t\t\t<\/div>\n\t\t<\/a>\t\t\t\t\t\t<\/div>\n\t\t\t\t\t\t\t\t\t<\/div>\n\t\t\t\t\t\t\t\t\t\t\t\t\t\t\t<div class=\"elementor-swiper-button elementor-swiper-button-prev\" role=\"button\" tabindex=\"0\" aria-label=\"Pr\u00e9c\u00e9dent\">\n\t\t\t\t\t\t\t<i aria-hidden=\"true\" class=\"eicon-chevron-left\"><\/i>\t\t\t\t\t\t<\/div>\n\t\t\t\t\t\t<div class=\"elementor-swiper-button elementor-swiper-button-next\" role=\"button\" tabindex=\"0\" aria-label=\"Suivant\">\n\t\t\t\t\t\t\t<i aria-hidden=\"true\" class=\"eicon-chevron-right\"><\/i>\t\t\t\t\t\t<\/div>\n\t\t\t\t\t\t\t\t\t\t\t\t\t\t\t\t\t<\/div>\n\t\t\t\t<\/div>\n\t\t\t\t\t\t\t\t<div class=\"elementor-swiper\">\n\t\t\t\t\t<div class=\"elementor-main-swiper swiper elementor-thumbnails-swiper swiper\" role=\"region region\" aria-roledescription=\"carousel carousel\" aria-label=\"Diapositives Diapositives\">\n\t\t\t\t<div class=\"swiper-wrapper\">\n\t\t\t\t\t\t\t\t\t\t\t<div class=\"swiper-slide\" role=\"group\" aria-roledescription=\"slide\">\n\t\t\t\t\t\t\t\t\t<div class=\"elementor-carousel-image\" role=\"img\" aria-label=\"comment faire avaler un comprim\u00e9\" style=\"background-image: url(&#039;https:\/\/i0.wp.com\/cliniquevet-sables-verts.fr\/wp-content\/uploads\/2022\/06\/Consultations6.png?fit=1280%2C720&amp;ssl=1&#039;)\">\n\n\t\t\t\n\t\t\t\t\t<\/div>\n\t\t<\/a>\t\t\t\t\t\t<\/div>\n\t\t\t\t\t\t\t\t\t\t\t<div class=\"swiper-slide\" role=\"group\" aria-roledescription=\"slide\">\n\t\t\t\t\t\t\t\t\t<div class=\"elementor-carousel-image\" role=\"img\" aria-label=\"comment mettre une pipette\" style=\"background-image: url(&#039;https:\/\/i0.wp.com\/cliniquevet-sables-verts.fr\/wp-content\/uploads\/2022\/06\/Consultations7.png?fit=1280%2C720&amp;ssl=1&#039;)\">\n\n\t\t\t\n\t\t\t\t\t<\/div>\n\t\t<\/a>\t\t\t\t\t\t<\/div>\n\t\t\t\t\t\t\t\t\t\t\t<div class=\"swiper-slide\" role=\"group\" aria-roledescription=\"slide\">\n\t\t\t\t\t\t\t\t\t<div class=\"elementor-carousel-image\" role=\"img\" aria-label=\"comment nettoyer les oreilles de votre chien\" style=\"background-image: url(&#039;https:\/\/i0.wp.com\/cliniquevet-sables-verts.fr\/wp-content\/uploads\/2022\/06\/Consultations8.png?fit=1280%2C720&amp;ssl=1&#039;)\">\n\n\t\t\t\n\t\t\t\t\t<\/div>\n\t\t<\/a>\t\t\t\t\t\t<\/div>\n\t\t\t\t\t\t\t\t\t\t\t<div class=\"swiper-slide\" role=\"group\" aria-roledescription=\"slide\">\n\t\t\t\t\t\t\t\t\t<div class=\"elementor-carousel-image\" role=\"img\" aria-label=\"injection d&#039;insuline\" style=\"background-image: url(&#039;https:\/\/i0.wp.com\/cliniquevet-sables-verts.fr\/wp-content\/uploads\/2022\/06\/Consultations9.png?fit=1280%2C720&amp;ssl=1&#039;)\">\n\n\t\t\t\n\t\t\t\t\t<\/div>\n\t\t<\/a>\t\t\t\t\t\t<\/div>\n\t\t\t\t\t\t\t\t\t\t\t<div class=\"swiper-slide\" role=\"group\" aria-roledescription=\"slide\">\n\t\t\t\t\t\t\t\t\t<div class=\"elementor-carousel-image\" role=\"img\" aria-label=\"comment enlever une tique\" style=\"background-image: url(&#039;https:\/\/i0.wp.com\/cliniquevet-sables-verts.fr\/wp-content\/uploads\/2022\/06\/Consultations10.png?fit=1280%2C720&amp;ssl=1&#039;)\">\n\n\t\t\t\n\t\t\t\t\t<\/div>\n\t\t<\/a>\t\t\t\t\t\t<\/div>\n\t\t\t\t\t\t\t\t\t<\/div>\n\t\t\t\t\t\t\t\t\t\t\t\t\t\t\t\t\t\t\t\t\t<\/div>\n\t\t\t\t<\/div>\n\t\t\t\t\t\t\t\t<\/div>\n\t\t\t\t<\/div>\n\t\t\t\t\t<\/div>\n\t\t<\/div>\n\t\t\t\t\t<\/div>\n\t\t<\/section>\n\t\t\t\t<\/div>\n\t\t","protected":false},"excerpt":{"rendered":"<p>Vid\u00e9os explicatives On ne sait pas toujours comment effectuer ces petits soins du quotidien. Voici une s\u00e9rie de vid\u00e9os pour vous aider ! Lire Lire Lire Lire Lire Pr\u00e9c\u00e9dent Suivant<\/p>\n","protected":false},"author":1,"featured_media":0,"parent":0,"menu_order":0,"comment_status":"closed","ping_status":"closed","template":"","meta":{"footnotes":""},"jetpack_sharing_enabled":true,"_links":{"self":[{"href":"https:\/\/cliniquevet-sables-verts.fr\/index.php\/wp-json\/wp\/v2\/pages\/2096"}],"collection":[{"href":"https:\/\/cliniquevet-sables-verts.fr\/index.php\/wp-json\/wp\/v2\/pages"}],"about":[{"href":"https:\/\/cliniquevet-sables-verts.fr\/index.php\/wp-json\/wp\/v2\/types\/page"}],"author":[{"embeddable":true,"href":"https:\/\/cliniquevet-sables-verts.fr\/index.php\/wp-json\/wp\/v2\/users\/1"}],"replies":[{"embeddable":true,"href":"https:\/\/cliniquevet-sables-verts.fr\/index.php\/wp-json\/wp\/v2\/comments?post=2096"}],"version-history":[{"count":40,"href":"https:\/\/cliniquevet-sables-verts.fr\/index.php\/wp-json\/wp\/v2\/pages\/2096\/revisions"}],"predecessor-version":[{"id":3480,"href":"https:\/\/cliniquevet-sables-verts.fr\/index.php\/wp-json\/wp\/v2\/pages\/2096\/revisions\/3480"}],"wp:attachment":[{"href":"https:\/\/cliniquevet-sables-verts.fr\/index.php\/wp-json\/wp\/v2\/media?parent=2096"}],"curies":[{"name":"wp","href":"https:\/\/api.w.org\/{rel}","templated":true}]}}